{"id":808,"date":"2026-02-22T20:03:35","date_gmt":"2026-02-23T01:03:35","guid":{"rendered":"https:\/\/staging.jinarc.ca\/?page_id=808"},"modified":"2026-03-25T13:03:03","modified_gmt":"2026-03-25T17:03:03","slug":"votre-trousse-de-depart-en-ligne","status":"publish","type":"page","link":"https:\/\/hcp.jinarc.ca\/fr\/votre-trousse-de-depart-en-ligne\/","title":{"rendered":"Votre\u00a0Trousse de D\u00e9part en ligne"},"content":{"rendered":"<div class=\"et_pb_section_0 et_pb_section et_section_regular et_flex_section\">\n<div class=\"et_pb_row_0 et_pb_row et_flex_row\">\n<div class=\"et_pb_column_0 et_pb_column et-last-child et_flex_column et_pb_css_mix_blend_mode_passthrough et_flex_column_24_24 et_flex_column_24_24_tablet et_flex_column_24_24_phone\">\n<div class=\"et_pb_text_0 et_pb_text et_pb_bg_layout_light et_pb_module et_flex_module\"><div class=\"et_pb_text_inner\"><h2>Votre Trousse de d\u00e9part en ligne<\/h2>\n<\/div><\/div>\n\n<div class=\"et_pb_text_1 et_pb_text et_pb_bg_layout_light et_pb_module et_flex_module\"><div class=\"et_pb_text_inner\"><p>Comment amorcer et maintenir un traitement par <sup>Pr<\/sup>JINARC<sup>MD<\/sup><\/p>\n<\/div><\/div>\n\n<div class=\"et_pb_text_2 et_pb_text et_pb_bg_layout_light et_pb_module et_flex_module\"><div class=\"et_pb_text_inner\"><h5>M\u00e9decin<\/h5>\n<\/div><\/div>\n<\/div>\n<\/div>\n\n<div class=\"et_pb_row_1 et_pb_row et_flex_row\">\n<div class=\"et_pb_column_1 et_pb_column et_flex_column et_pb_column_empty et_pb_css_mix_blend_mode_passthrough et_flex_column_12_24 et_flex_column_12_24_tablet et_flex_column_24_24_phone\"><\/div>\n\n<div class=\"et_pb_column_2 et_pb_column et-last-child et_flex_column et_pb_css_mix_blend_mode_passthrough et_flex_column_12_24 et_flex_column_12_24_tablet et_flex_column_24_24_phone\">\n<div class=\"et_pb_group_0 et_pb_group et_pb_module et_flex_group et_pb_css_mix_blend_mode_passthrough\">\n<div class=\"et_pb_image_0 et_pb_image et_pb_module et_flex_module\"><span class=\"et_pb_image_wrap\"><img loading=\"lazy\" decoding=\"async\" src=\"https:\/\/hcp.jinarc.ca\/wp-content\/uploads\/2026\/01\/Group-860.png\" title=\"Group 860\" width=\"194\" height=\"194\" srcset=\"https:\/\/hcp.jinarc.ca\/wp-content\/uploads\/2026\/01\/Group-860.png 194w, https:\/\/hcp.jinarc.ca\/wp-content\/uploads\/2026\/01\/Group-860-150x150.png 150w\" sizes=\"(max-width: 194px) 100vw, 194px\" class=\"wp-image-177\" \/><\/span><\/div>\n\n<div class=\"et_pb_text_3 et_pb_text et_pb_bg_layout_light et_pb_module et_flex_module\"><div class=\"et_pb_text_inner\"><p>Cosigner le FEPP en compagnie du patient <\/p>\n<\/div><\/div>\n<\/div>\n\n<div class=\"et_pb_group_1 et_pb_group et-last-child et_pb_module et_flex_group et_pb_css_mix_blend_mode_passthrough\">\n<div class=\"et_pb_image_1 et_pb_image et_pb_module et_flex_module\"><span class=\"et_pb_image_wrap\"><img loading=\"lazy\" decoding=\"async\" src=\"https:\/\/hcp.jinarc.ca\/wp-content\/uploads\/2026\/01\/Group-855.png\" title=\"Group 855\" width=\"194\" height=\"194\" srcset=\"https:\/\/hcp.jinarc.ca\/wp-content\/uploads\/2026\/01\/Group-855.png 194w, https:\/\/hcp.jinarc.ca\/wp-content\/uploads\/2026\/01\/Group-855-150x150.png 150w\" sizes=\"(max-width: 194px) 100vw, 194px\" class=\"wp-image-163\" \/><\/span><\/div>\n\n<div class=\"et_pb_text_4 et_pb_text et_pb_bg_layout_light et_pb_module et_flex_module\"><div class=\"et_pb_text_inner\"><p>Fournir l&rsquo;ordonnance et les formulaires d&rsquo;\u00e9valuation de la fonction h\u00e9patique au Programme DSIH : tous les mois pendant 18 mois* <\/p>\n<\/div><\/div>\n<\/div>\n<\/div>\n<\/div>\n\n<div class=\"et_pb_row_2 et_pb_row et_flex_row\">\n<div class=\"et_pb_column_3 et_pb_column et-last-child et_flex_column et_pb_css_mix_blend_mode_passthrough et_flex_column_24_24 et_flex_column_24_24_tablet et_flex_column_24_24_phone\">\n<div class=\"et_pb_image_2 et_pb_image et_pb_module et_flex_module\"><span class=\"et_pb_image_wrap\"><img loading=\"lazy\" decoding=\"async\" src=\"https:\/\/hcp.jinarc.ca\/wp-content\/uploads\/2026\/03\/orijin_line-1.png\" title=\"orijin_line\" width=\"1103\" height=\"51\" srcset=\"https:\/\/hcp.jinarc.ca\/wp-content\/uploads\/2026\/03\/orijin_line-1.png 1103w, https:\/\/hcp.jinarc.ca\/wp-content\/uploads\/2026\/03\/orijin_line-1-980x45.png 980w, https:\/\/hcp.jinarc.ca\/wp-content\/uploads\/2026\/03\/orijin_line-1-480x22.png 480w\" sizes=\"(min-width: 0px) and (max-width: 480px) 480px, (min-width: 481px) and (max-width: 980px) 980px, (min-width: 981px) 1103px, 100vw\" class=\"wp-image-1369\" \/><\/span><\/div>\n\n<div class=\"et_pb_text_5 et_pb_text et_pb_bg_layout_light et_pb_module et_flex_module\"><div class=\"et_pb_text_inner\"><h5>\u00c9quipe du Programme  ORIJIN<sup>MD<\/sup> <\/h5>\n<\/div><\/div>\n<\/div>\n<\/div>\n\n<div class=\"et_pb_row_3 et_pb_row et_flex_row\">\n<div class=\"et_pb_column_4 et_pb_column et_flex_column et_pb_css_mix_blend_mode_passthrough et_flex_column_1_5 et_flex_column_12_24_tablet et_flex_column_24_24_phone\">\n<div class=\"et_pb_group_2 et_pb_group et-last-child et_pb_module et_flex_group et_pb_css_mix_blend_mode_passthrough\">\n<div class=\"et_pb_image_3 et_pb_image et_pb_module et_flex_module\"><span class=\"et_pb_image_wrap\"><img loading=\"lazy\" decoding=\"async\" src=\"https:\/\/hcp.jinarc.ca\/wp-content\/uploads\/2026\/02\/ppaf.png\" title=\"ppaf\" width=\"372\" height=\"372\" srcset=\"https:\/\/hcp.jinarc.ca\/wp-content\/uploads\/2026\/02\/ppaf.png 372w, https:\/\/hcp.jinarc.ca\/wp-content\/uploads\/2026\/02\/ppaf-300x300.png 300w, https:\/\/hcp.jinarc.ca\/wp-content\/uploads\/2026\/02\/ppaf-150x150.png 150w\" sizes=\"(max-width: 372px) 100vw, 372px\" class=\"wp-image-303\" \/><\/span><\/div>\n\n<div class=\"et_pb_text_6 et_pb_text et_pb_bg_layout_light et_pb_module et_flex_module\"><div class=\"et_pb_text_inner\"><p>Recevoir, valider et classer le FEPP<\/p>\n<\/div><\/div>\n<\/div>\n<\/div>\n\n<div class=\"et_pb_column_5 et_pb_column et_flex_column et_pb_css_mix_blend_mode_passthrough et_flex_column_1_5 et_flex_column_12_24_tablet et_flex_column_24_24_phone\">\n<div class=\"et_pb_group_3 et_pb_group et-last-child et_pb_module et_flex_group et_pb_css_mix_blend_mode_passthrough\">\n<div class=\"et_pb_image_4 et_pb_image et_pb_module et_flex_module\"><span class=\"et_pb_image_wrap\"><img loading=\"lazy\" decoding=\"async\" src=\"https:\/\/hcp.jinarc.ca\/wp-content\/uploads\/2026\/02\/headset.png\" title=\"headset\" width=\"372\" height=\"372\" srcset=\"https:\/\/hcp.jinarc.ca\/wp-content\/uploads\/2026\/02\/headset.png 372w, https:\/\/hcp.jinarc.ca\/wp-content\/uploads\/2026\/02\/headset-300x300.png 300w, https:\/\/hcp.jinarc.ca\/wp-content\/uploads\/2026\/02\/headset-150x150.png 150w\" sizes=\"(max-width: 372px) 100vw, 372px\" class=\"wp-image-307\" \/><\/span><\/div>\n\n<div class=\"et_pb_text_7 et_pb_text et_pb_bg_layout_light et_pb_module et_flex_module\"><div class=\"et_pb_text_inner\"><p>Communiquer avec le patient pour confirmer son inscription et sa compr\u00e9hension du Programme DSIH<\/p>\n<\/div><\/div>\n<\/div>\n<\/div>\n\n<div class=\"et_pb_column_6 et_pb_column et_flex_column et_pb_css_mix_blend_mode_passthrough et_flex_column_1_5 et_flex_column_12_24_tablet et_flex_column_24_24_phone\">\n<div class=\"et_pb_group_4 et_pb_group et-last-child et_pb_module et_flex_group et_pb_css_mix_blend_mode_passthrough\">\n<div class=\"et_pb_image_5 et_pb_image et_pb_module et_flex_module\"><span class=\"et_pb_image_wrap\"><img loading=\"lazy\" decoding=\"async\" src=\"https:\/\/hcp.jinarc.ca\/wp-content\/uploads\/2026\/02\/package.png\" title=\"package\" width=\"372\" height=\"372\" srcset=\"https:\/\/hcp.jinarc.ca\/wp-content\/uploads\/2026\/02\/package.png 372w, https:\/\/hcp.jinarc.ca\/wp-content\/uploads\/2026\/02\/package-300x300.png 300w, https:\/\/hcp.jinarc.ca\/wp-content\/uploads\/2026\/02\/package-150x150.png 150w\" sizes=\"(max-width: 372px) 100vw, 372px\" class=\"wp-image-308\" \/><\/span><\/div>\n\n<div class=\"et_pb_text_8 et_pb_text et_pb_bg_layout_light et_pb_module et_flex_module\"><div class=\"et_pb_text_inner\"><p>Envoyer les provisions de JINARC \u00e0 la pharmacie aux fins de remise au patient si tous les crit\u00e8res du FEPP sont remplis<\/p>\n<\/div><\/div>\n<\/div>\n<\/div>\n\n<div class=\"et_pb_column_7 et_pb_column et_flex_column et_pb_css_mix_blend_mode_passthrough et_flex_column_1_5 et_flex_column_12_24_tablet et_flex_column_24_24_phone\">\n<div class=\"et_pb_group_5 et_pb_group et-last-child et_pb_module et_flex_group et_pb_css_mix_blend_mode_passthrough\">\n<div class=\"et_pb_image_6 et_pb_image et_pb_module et_flex_module\"><span class=\"et_pb_image_wrap\"><img loading=\"lazy\" decoding=\"async\" src=\"https:\/\/hcp.jinarc.ca\/wp-content\/uploads\/2026\/02\/blood-tests.png\" title=\"blood tests\" width=\"372\" height=\"372\" srcset=\"https:\/\/hcp.jinarc.ca\/wp-content\/uploads\/2026\/02\/blood-tests.png 372w, https:\/\/hcp.jinarc.ca\/wp-content\/uploads\/2026\/02\/blood-tests-300x300.png 300w, https:\/\/hcp.jinarc.ca\/wp-content\/uploads\/2026\/02\/blood-tests-150x150.png 150w\" sizes=\"(max-width: 372px) 100vw, 372px\" class=\"wp-image-304\" \/><\/span><\/div>\n\n<div class=\"et_pb_text_9 et_pb_text et_pb_bg_layout_light et_pb_module et_flex_module\"><div class=\"et_pb_text_inner\"><p>Envoyer au patient des rappels au sujet des analyses sanguines (selon la pr\u00e9f\u00e9rence du patient)<\/p>\n<\/div><\/div>\n<\/div>\n<\/div>\n\n<div class=\"et_pb_column_8 et_pb_column et-last-child et_flex_column et_pb_css_mix_blend_mode_passthrough et_flex_column_1_5 et_flex_column_12_24_tablet et_flex_column_24_24_phone\">\n<div class=\"et_pb_group_6 et_pb_group et-last-child et_pb_module et_flex_group et_pb_css_mix_blend_mode_passthrough\">\n<div class=\"et_pb_image_7 et_pb_image et_pb_module et_flex_module\"><span class=\"et_pb_image_wrap\"><img loading=\"lazy\" decoding=\"async\" src=\"https:\/\/hcp.jinarc.ca\/wp-content\/uploads\/2026\/02\/printer.png\" title=\"printer\" width=\"372\" height=\"372\" srcset=\"https:\/\/hcp.jinarc.ca\/wp-content\/uploads\/2026\/02\/printer.png 372w, https:\/\/hcp.jinarc.ca\/wp-content\/uploads\/2026\/02\/printer-300x300.png 300w, https:\/\/hcp.jinarc.ca\/wp-content\/uploads\/2026\/02\/printer-150x150.png 150w\" sizes=\"(max-width: 372px) 100vw, 372px\" class=\"wp-image-310\" \/><\/span><\/div>\n\n<div class=\"et_pb_text_10 et_pb_text et_pb_bg_layout_light et_pb_module et_flex_module\"><div class=\"et_pb_text_inner\" data-et-mv-hidden-phone=\"true\"><p>Assurer le suivi des r\u00e9sultats des \u00e9preuves de la fonction h\u00e9patique aupr\u00e8s du prescripteur, au moyen du formulaire de t\u00e9l\u00e9copie pr\u00e9vu \u00e0 cet effet<\/p>\n<\/div><\/div>\n<\/div>\n<\/div>\n<\/div>\n<\/div>\n\n<div class=\"et_pb_section_1 et_pb_section et_section_regular et_flex_section\">\n<div class=\"et_pb_row_4 et_pb_row et_flex_row\">\n<div class=\"et_pb_column_9 et_pb_column et-last-child et_flex_column et_pb_css_mix_blend_mode_passthrough et_flex_column_24_24 et_flex_column_24_24_tablet et_flex_column_24_24_phone\">\n<div class=\"et_pb_text_11 et_pb_text et_pb_bg_layout_light et_pb_module et_flex_module\"><div class=\"et_pb_text_inner\"><h5>Principales ressources<\/h5>\n<\/div><\/div>\n<\/div>\n<\/div>\n\n<div class=\"et_pb_row_5 et_pb_row et_flex_row\">\n<div class=\"et_pb_column_10 et_pb_column et_flex_column et_pb_css_mix_blend_mode_passthrough et_flex_column_12_24 et_flex_column_12_24_tablet et_flex_column_24_24_phone\">\n<div class=\"et_pb_group_7 et_pb_group et-last-child et_pb_module et_flex_group et_pb_css_mix_blend_mode_passthrough\">\n<div class=\"et_pb_image_8 et_pb_image et_pb_module et_flex_module\"><span class=\"et_pb_image_wrap\"><img loading=\"lazy\" decoding=\"async\" src=\"https:\/\/hcp.jinarc.ca\/wp-content\/uploads\/2026\/02\/Group-882-FR.png\" title=\"Group 882 FR\" width=\"429\" height=\"663\" srcset=\"https:\/\/hcp.jinarc.ca\/wp-content\/uploads\/2026\/02\/Group-882-FR.png 429w, https:\/\/hcp.jinarc.ca\/wp-content\/uploads\/2026\/02\/Group-882-FR-194x300.png 194w\" sizes=\"(max-width: 429px) 100vw, 429px\" class=\"wp-image-856\" \/><\/span><\/div>\n\n<div class=\"et_pb_group_8 et_pb_group et-last-child et_pb_module et_flex_group et_pb_css_mix_blend_mode_passthrough\">\n<div class=\"et_pb_text_12 et_pb_text et_pb_bg_layout_light et_pb_module et_flex_module\"><div class=\"et_pb_text_inner\"><h4>Guide du prescripteur<\/h4>\n<p>Votre guide de discussion et de prescription de JINARC. <\/p>\n<\/div><\/div>\n\n<div class=\"et_pb_module et_pb_button_module_wrapper et_pb_button_0_wrapper preset--group--divi-button--divi-attributes--c6j0tohmta_wrapper preset--module--divi-button--2yafs6y4fi_wrapper\"><a class=\"et_pb_button_0 et_pb_button et_pb_bg_layout_light et_pb_module et_flex_module preset--group--divi-button--divi-attributes--c6j0tohmta preset--module--divi-button--2yafs6y4fi\" href=\"https:\/\/hcp.jinarc.ca\/documents\/Jinarc_Prescriber_Guide_FR.pdf\" target=\"_blank\" data-gtm-asset=\"prescriber-guide\">T\u00e9l\u00e9charger<\/a><\/div>\n<\/div>\n<\/div>\n<\/div>\n\n<div class=\"et_pb_column_11 et_pb_column et-last-child et_flex_column et_pb_css_mix_blend_mode_passthrough et_flex_column_12_24 et_flex_column_12_24_tablet et_flex_column_24_24_phone\">\n<div class=\"et_pb_group_9 et_pb_group et-last-child et_pb_module et_flex_group et_pb_css_mix_blend_mode_passthrough\">\n<div class=\"et_pb_image_9 et_pb_image et_pb_module et_flex_module\"><span class=\"et_pb_image_wrap\"><img loading=\"lazy\" decoding=\"async\" src=\"https:\/\/hcp.jinarc.ca\/wp-content\/uploads\/2026\/02\/Group-877-FR.png\" title=\"Group 877 FR\" width=\"420\" height=\"649\" srcset=\"https:\/\/hcp.jinarc.ca\/wp-content\/uploads\/2026\/02\/Group-877-FR.png 420w, https:\/\/hcp.jinarc.ca\/wp-content\/uploads\/2026\/02\/Group-877-FR-194x300.png 194w\" sizes=\"(max-width: 420px) 100vw, 420px\" class=\"wp-image-850\" alt=\"Patient Information Booklet\" \/><\/span><\/div>\n\n<div class=\"et_pb_group_10 et_pb_group et-last-child et_pb_module et_flex_group et_pb_css_mix_blend_mode_passthrough\">\n<div class=\"et_pb_text_13 et_pb_text et_pb_bg_layout_light et_pb_module et_flex_module\"><div class=\"et_pb_text_inner\"><h4>Guide \u00e0 l\u2019intention des patients <\/h4>\n<p style=\"font-weight: 400;\">Un guide pour aider vos patients \u00e0 comprendre, commencer et poursuivre le traitement par JINARC. <\/p>\n<\/div><\/div>\n\n<div class=\"et_pb_module et_pb_button_module_wrapper et_pb_button_1_wrapper preset--group--divi-button--divi-attributes--c6j0tohmta_wrapper preset--module--divi-button--2yafs6y4fi_wrapper\"><a class=\"et_pb_button_1 et_pb_button et_pb_bg_layout_light et_pb_module et_flex_module preset--group--divi-button--divi-attributes--c6j0tohmta preset--module--divi-button--2yafs6y4fi\" href=\"https:\/\/hcp.jinarc.ca\/documents\/Jinarc_PIB_FR.pdf\" target=\"_blank\" data-gtm-asset=\"pib\">T\u00e9l\u00e9charger<\/a><\/div>\n<\/div>\n<\/div>\n<\/div>\n<\/div>\n\n<div class=\"et_pb_row_6 et_pb_row et_flex_row\">\n<div class=\"et_pb_column_12 et_pb_column et_flex_column et_pb_css_mix_blend_mode_passthrough et_flex_column_12_24 et_flex_column_12_24_tablet et_flex_column_24_24_phone\">\n<div class=\"et_pb_group_11 et_pb_group et-last-child et_pb_module et_flex_group et_pb_css_mix_blend_mode_passthrough\">\n<div class=\"et_pb_image_10 et_pb_image et_pb_module et_flex_module\"><span class=\"et_pb_image_wrap\"><img loading=\"lazy\" decoding=\"async\" src=\"https:\/\/hcp.jinarc.ca\/wp-content\/uploads\/2026\/02\/Group-878-FR.png\" title=\"Group 878 FR\" width=\"504\" height=\"653\" srcset=\"https:\/\/hcp.jinarc.ca\/wp-content\/uploads\/2026\/02\/Group-878-FR.png 504w, https:\/\/hcp.jinarc.ca\/wp-content\/uploads\/2026\/02\/Group-878-FR-480x622.png 480w\" sizes=\"(min-width: 0px) and (max-width: 480px) 480px, (min-width: 481px) 504px, 100vw\" class=\"wp-image-852\" alt=\"Patient-Prescriber Agreement Form (PPAF)\" \/><\/span><\/div>\n\n<div class=\"et_pb_group_12 et_pb_group et-last-child et_pb_module et_flex_group et_pb_css_mix_blend_mode_passthrough\">\n<div class=\"et_pb_text_14 et_pb_text et_pb_bg_layout_light et_pb_module et_flex_module\"><div class=\"et_pb_text_inner\"><h4>Formulaire d\u2019entente entre le patient et le prescripteur (FEPP)<\/h4>\n<p>Envoyer le FEPP au Programme ORIJIN par t\u00e9l\u00e9copieur au 1 844 3JINARC (1 844 354-6272), ou par courriel \u00e0 l&rsquo;adresse Orijin@supportprogram.com.<\/p>\n<\/div><\/div>\n\n<div class=\"et_pb_module et_pb_button_module_wrapper et_pb_button_2_wrapper preset--group--divi-button--divi-attributes--c6j0tohmta_wrapper preset--module--divi-button--2yafs6y4fi_wrapper\"><a class=\"et_pb_button_2 et_pb_button et_pb_bg_layout_light et_pb_module et_flex_module preset--group--divi-button--divi-attributes--c6j0tohmta preset--module--divi-button--2yafs6y4fi\" href=\"https:\/\/hcp.jinarc.ca\/documents\/FEPP_ORIJIN_Digital.pdf\" target=\"_blank\" data-gtm-asset=\"ppaf\">T\u00e9l\u00e9charger<\/a><\/div>\n<\/div>\n<\/div>\n<\/div>\n\n<div class=\"et_pb_column_13 et_pb_column et-last-child et_flex_column et_pb_css_mix_blend_mode_passthrough et_flex_column_12_24 et_flex_column_12_24_tablet et_flex_column_24_24_phone\">\n<div class=\"et_pb_group_13 et_pb_group et-last-child et_pb_module et_flex_group et_pb_css_mix_blend_mode_passthrough\">\n<div class=\"et_pb_image_11 et_pb_image et_pb_module et_flex_module\"><span class=\"et_pb_image_wrap\"><img loading=\"lazy\" decoding=\"async\" src=\"https:\/\/hcp.jinarc.ca\/wp-content\/uploads\/2026\/02\/Group-877.1-FR.png\" title=\"Group 877.1 FR\" width=\"420\" height=\"649\" srcset=\"https:\/\/hcp.jinarc.ca\/wp-content\/uploads\/2026\/02\/Group-877.1-FR.png 420w, https:\/\/hcp.jinarc.ca\/wp-content\/uploads\/2026\/02\/Group-877.1-FR-194x300.png 194w\" sizes=\"(max-width: 420px) 100vw, 420px\" class=\"wp-image-851\" alt=\"Patient Brochure\" \/><\/span><\/div>\n\n<div class=\"et_pb_group_14 et_pb_group et-last-child et_pb_module et_flex_group et_pb_css_mix_blend_mode_passthrough\">\n<div class=\"et_pb_text_15 et_pb_text et_pb_bg_layout_light et_pb_module et_flex_module\"><div class=\"et_pb_text_inner\"><h4>Brochure ORIJIN \u00e0 l\u2019intention des patients<\/h4>\n<p>Une brochure contenant des renseignements sur le Programme de soutien aux patients ORIJIN et des conseils sur le mode de vie pour vos patients. <\/p>\n<\/div><\/div>\n\n<div class=\"et_pb_module et_pb_button_module_wrapper et_pb_button_3_wrapper preset--group--divi-button--divi-attributes--c6j0tohmta_wrapper preset--module--divi-button--2yafs6y4fi_wrapper\"><a class=\"et_pb_button_3 et_pb_button et_pb_bg_layout_light et_pb_module et_flex_module preset--group--divi-button--divi-attributes--c6j0tohmta preset--module--divi-button--2yafs6y4fi\" href=\"https:\/\/hcp.jinarc.ca\/documents\/Orijin_Patient_brochure_FRE.pdf\" target=\"_blank\" data-gtm-asset=\"patient-brochure\">T\u00e9l\u00e9charger<\/a><\/div>\n<\/div>\n<\/div>\n<\/div>\n<\/div>\n\n<div class=\"et_pb_row_7 et_pb_row et_flex_row\">\n<div class=\"et_pb_column_14 et_pb_column et_flex_column et_pb_css_mix_blend_mode_passthrough et_flex_column_12_24 et_flex_column_12_24_tablet et_flex_column_24_24_phone\">\n<div class=\"et_pb_group_15 et_pb_group et-last-child et_pb_module et_flex_group et_pb_css_mix_blend_mode_passthrough\">\n<div class=\"et_pb_image_12 et_pb_image et_pb_module et_flex_module\"><span class=\"et_pb_image_wrap\"><img loading=\"lazy\" decoding=\"async\" src=\"https:\/\/hcp.jinarc.ca\/wp-content\/uploads\/2026\/02\/Group-879-FR.png\" title=\"Group 879 FR\" width=\"504\" height=\"652\" srcset=\"https:\/\/hcp.jinarc.ca\/wp-content\/uploads\/2026\/02\/Group-879-FR.png 504w, https:\/\/hcp.jinarc.ca\/wp-content\/uploads\/2026\/02\/Group-879-FR-480x621.png 480w\" sizes=\"(min-width: 0px) and (max-width: 480px) 480px, (min-width: 481px) 504px, 100vw\" class=\"wp-image-853\" \/><\/span><\/div>\n\n<div class=\"et_pb_group_16 et_pb_group et-last-child et_pb_module et_flex_group et_pb_css_mix_blend_mode_passthrough\">\n<div class=\"et_pb_text_16 et_pb_text et_pb_bg_layout_light et_pb_module et_flex_module\"><div class=\"et_pb_text_inner\"><h4>Fiche descriptive<\/h4>\n<p>Outil de consultation rapide pr\u00e9sentant les principales caract\u00e9ristiques de JINARC.<\/p>\n<\/div><\/div>\n\n<div class=\"et_pb_module et_pb_button_module_wrapper et_pb_button_4_wrapper preset--group--divi-button--divi-attributes--c6j0tohmta_wrapper preset--module--divi-button--2yafs6y4fi_wrapper\"><a class=\"et_pb_button_4 et_pb_button et_pb_bg_layout_light et_pb_module et_flex_module preset--group--divi-button--divi-attributes--c6j0tohmta preset--module--divi-button--2yafs6y4fi\" href=\"https:\/\/hcp.jinarc.ca\/documents\/Jinarc_Fact_Sheet_FRE.pdf\" target=\"_blank\" data-gtm-asset=\"fact-sheet\">T\u00e9l\u00e9charger<\/a><\/div>\n<\/div>\n<\/div>\n<\/div>\n\n<div class=\"et_pb_column_15 et_pb_column et-last-child et_flex_column et_pb_css_mix_blend_mode_passthrough et_flex_column_12_24 et_flex_column_12_24_tablet et_flex_column_24_24_phone\">\n<div class=\"et_pb_group_17 et_pb_group et-last-child et_pb_module et_flex_group et_pb_css_mix_blend_mode_passthrough\">\n<div class=\"et_pb_image_13 et_pb_image et_pb_module et_flex_module\"><span class=\"et_pb_image_wrap\"><img loading=\"lazy\" decoding=\"async\" src=\"https:\/\/hcp.jinarc.ca\/wp-content\/uploads\/2026\/03\/Group-880-FR.png\" title=\"Group 880 FR\" width=\"504\" height=\"627\" srcset=\"https:\/\/hcp.jinarc.ca\/wp-content\/uploads\/2026\/03\/Group-880-FR.png 504w, https:\/\/hcp.jinarc.ca\/wp-content\/uploads\/2026\/03\/Group-880-FR-480x597.png 480w\" sizes=\"(min-width: 0px) and (max-width: 480px) 480px, (min-width: 481px) 504px, 100vw\" class=\"wp-image-1109\" alt=\"Nurse Checklist\" \/><\/span><\/div>\n\n<div class=\"et_pb_group_18 et_pb_group et-last-child et_pb_module et_flex_group et_pb_css_mix_blend_mode_passthrough\">\n<div class=\"et_pb_text_17 et_pb_text et_pb_bg_layout_light et_pb_module et_flex_module\"><div class=\"et_pb_text_inner\"><h4>Liste de v\u00e9rification de l\u2019infirmier(\u00e8re) <\/h4>\n<p>Outil de consultation rapide destin\u00e9 \u00e0 faciliter l\u2019instauration du traitement par JINARC chez vos patients. <\/p>\n<\/div><\/div>\n\n<div class=\"et_pb_module et_pb_button_module_wrapper et_pb_button_5_wrapper preset--group--divi-button--divi-attributes--c6j0tohmta_wrapper preset--module--divi-button--2yafs6y4fi_wrapper\"><a class=\"et_pb_button_5 et_pb_button et_pb_bg_layout_light et_pb_module et_flex_module preset--group--divi-button--divi-attributes--c6j0tohmta preset--module--divi-button--2yafs6y4fi\" href=\"https:\/\/hcp.jinarc.ca\/documents\/Jinarc_HSMD_Nurse%20Checklist_FR.pdf\" target=\"_blank\" data-gtm-asset=\"checklist\">T\u00e9l\u00e9charger<\/a><\/div>\n<\/div>\n<\/div>\n<\/div>\n<\/div>\n\n<div class=\"et_pb_row_8 et_pb_row et_flex_row\">\n<div class=\"et_pb_column_16 et_pb_column et-last-child et_flex_column et_pb_css_mix_blend_mode_passthrough et_flex_column_12_24 et_flex_column_12_24_tablet et_flex_column_24_24_phone\">\n<div class=\"et_pb_group_19 et_pb_group et-last-child et_pb_module et_flex_group et_pb_css_mix_blend_mode_passthrough\">\n<div class=\"et_pb_image_14 et_pb_image et_pb_module et_flex_module\"><span class=\"et_pb_image_wrap\"><img loading=\"lazy\" decoding=\"async\" src=\"https:\/\/hcp.jinarc.ca\/wp-content\/uploads\/2026\/01\/Group-881.png\" alt=\"HSMD LFT Fax-Back Form\" title=\"HSMD LFT Fax-Back Form\" width=\"504\" height=\"672\" srcset=\"https:\/\/hcp.jinarc.ca\/wp-content\/uploads\/2026\/01\/Group-881.png 504w, https:\/\/hcp.jinarc.ca\/wp-content\/uploads\/2026\/01\/Group-881-480x640.png 480w\" sizes=\"(min-width: 0px) and (max-width: 480px) 480px, (min-width: 481px) 504px, 100vw\" class=\"wp-image-199\" \/><\/span><\/div>\n\n<div class=\"et_pb_group_20 et_pb_group et-last-child et_pb_module et_flex_group et_pb_css_mix_blend_mode_passthrough\">\n<div class=\"et_pb_text_18 et_pb_text et_pb_bg_layout_light et_pb_module et_flex_module\"><div class=\"et_pb_text_inner\"><h4>Formulaire de t\u00e9l\u00e9copie des r\u00e9sultats au Programme DSIH<\/h4>\n<p>Formulaire pour indiquer les plus r\u00e9cents r\u00e9sultats des \u00e9preuves d\u2019\u00e9valuation de la fonction h\u00e9patique, \u00e0 retourner par t\u00e9l\u00e9copieur au Programme DSIH. <\/p>\n<\/div><\/div>\n\n<div class=\"et_pb_module et_pb_button_module_wrapper et_pb_button_6_wrapper preset--group--divi-button--divi-attributes--c6j0tohmta_wrapper preset--module--divi-button--2yafs6y4fi_wrapper\"><a class=\"et_pb_button_6 et_pb_button et_pb_bg_layout_light et_pb_module et_flex_module preset--group--divi-button--divi-attributes--c6j0tohmta preset--module--divi-button--2yafs6y4fi\" href=\"https:\/\/hcp.jinarc.ca\/documents\/Jinarc_example_fax_form_FR.pdf\" target=\"_blank\" data-gtm-asset=\"fax-back\">T\u00e9l\u00e9charger<\/a><\/div>\n<\/div>\n<\/div>\n<\/div>\n<\/div>\n\n<div class=\"et_pb_row_9 et_pb_row et_flex_row\">\n<div class=\"et_pb_column_17 et_pb_column et-last-child et_flex_column et_pb_css_mix_blend_mode_passthrough et_flex_column_24_24 et_flex_column_24_24_tablet et_flex_column_24_24_phone\">\n<div class=\"et_pb_text_19 et_pb_text et_pb_bg_layout_light et_pb_module et_flex_module\"><div class=\"et_pb_text_inner\"><p>DSIH : Programme contr\u00f4l\u00e9 de distribution et de surveillance de l\u2019innocuit\u00e9 h\u00e9patique de JINARC.<br \/>\n* Tout \u00e9v\u00e9nement ind\u00e9sirable doit \u00eatre signal\u00e9 \u00e0 Otsuka Canada Pharmaceutique, au 1 877 341-9245.<\/p>\n<\/div><\/div>\n<\/div>\n<\/div>\n\n<div class=\"et_pb_row_10 et_pb_row et_flex_row\">\n<div class=\"et_pb_column_18 et_pb_column et-last-child et_flex_column et_pb_css_mix_blend_mode_passthrough et_flex_column_24_24 et_flex_column_24_24_tablet et_flex_column_24_24_phone\">\n<div class=\"et_pb_code_0 et_pb_code et_pb_module\"><div class=\"et_pb_code_inner\"><a href=\"#safety\" style=\"display:none;\">Safety<\/a><\/div><\/div>\n<\/div>\n<\/div>\n<\/div>","protected":false},"excerpt":{"rendered":"","protected":false},"author":1,"featured_media":0,"parent":0,"menu_order":0,"comment_status":"closed","ping_status":"closed","template":"","meta":{"footnotes":""},"class_list":["post-808","page","type-page","status-publish","hentry"],"_links":{"self":[{"href":"https:\/\/hcp.jinarc.ca\/fr\/wp-json\/wp\/v2\/pages\/808","targetHints":{"allow":["GET"]}}],"collection":[{"href":"https:\/\/hcp.jinarc.ca\/fr\/wp-json\/wp\/v2\/pages"}],"about":[{"href":"https:\/\/hcp.jinarc.ca\/fr\/wp-json\/wp\/v2\/types\/page"}],"author":[{"embeddable":true,"href":"https:\/\/hcp.jinarc.ca\/fr\/wp-json\/wp\/v2\/users\/1"}],"replies":[{"embeddable":true,"href":"https:\/\/hcp.jinarc.ca\/fr\/wp-json\/wp\/v2\/comments?post=808"}],"version-history":[{"count":24,"href":"https:\/\/hcp.jinarc.ca\/fr\/wp-json\/wp\/v2\/pages\/808\/revisions"}],"predecessor-version":[{"id":1370,"href":"https:\/\/hcp.jinarc.ca\/fr\/wp-json\/wp\/v2\/pages\/808\/revisions\/1370"}],"wp:attachment":[{"href":"https:\/\/hcp.jinarc.ca\/fr\/wp-json\/wp\/v2\/media?parent=808"}],"curies":[{"name":"wp","href":"https:\/\/api.w.org\/{rel}","templated":true}]}}