{"id":866,"date":"2026-02-22T20:41:01","date_gmt":"2026-02-23T01:41:01","guid":{"rendered":"https:\/\/staging.jinarc.ca\/?page_id=866"},"modified":"2026-04-20T11:22:58","modified_gmt":"2026-04-20T15:22:58","slug":"ressources","status":"publish","type":"page","link":"https:\/\/hcp.jinarc.ca\/fr\/ressources\/","title":{"rendered":"Ressources"},"content":{"rendered":"<div class=\"et_pb_section_0 et_pb_section et_section_regular et_flex_section\">\n<div class=\"et_pb_row_0 et_pb_row et_flex_row\">\n<div class=\"et_pb_column_0 et_pb_column et_flex_column et_pb_css_mix_blend_mode_passthrough et_flex_column_12_24 et_flex_column_12_24_tablet et_flex_column_24_24_phone\">\n<div class=\"et_pb_text_0 et_pb_text et_pb_bg_layout_light et_pb_module et_flex_module\"><div class=\"et_pb_text_inner\"><h5>Outils avec mention de la marque<\/h5>\n<\/div><\/div>\n\n<div class=\"et_pb_group_0 et_pb_group et_pb_module et_flex_group et_pb_css_mix_blend_mode_passthrough tool-card\">\n<div class=\"et_pb_image_0 et_pb_image et_pb_module et_flex_module\"><span class=\"et_pb_image_wrap\"><img loading=\"lazy\" decoding=\"async\" src=\"https:\/\/hcp.jinarc.ca\/wp-content\/uploads\/2026\/02\/Group-1044-FR.png\" title=\"Group 1044 FR\" width=\"504\" height=\"634\" srcset=\"https:\/\/hcp.jinarc.ca\/wp-content\/uploads\/2026\/02\/Group-1044-FR.png 504w, https:\/\/hcp.jinarc.ca\/wp-content\/uploads\/2026\/02\/Group-1044-FR-480x604.png 480w\" sizes=\"(min-width: 0px) and (max-width: 480px) 480px, (min-width: 481px) 504px, 100vw\" class=\"wp-image-942\" \/><\/span><\/div>\n\n<div class=\"et_pb_group_1 et_pb_group et-last-child et_pb_module et_flex_group et_pb_css_mix_blend_mode_passthrough\">\n<div class=\"et_pb_text_1 et_pb_text et_pb_bg_layout_light et_pb_module et_flex_module\"><div class=\"et_pb_text_inner\"><h4>Monographie de produit<br \/>\n<\/h4>\n<p>Monographie de <sup>Pr<\/sup>JINARC<sup>MD<\/sup>.<\/p>\n<\/div><\/div>\n\n<div class=\"et_pb_module et_pb_button_module_wrapper et_pb_button_0_wrapper preset--group--divi-button--divi-attributes--c6j0tohmta_wrapper preset--module--divi-button--2yafs6y4fi_wrapper\"><a class=\"et_pb_button_0 et_pb_button et_pb_bg_layout_light et_pb_module et_flex_module preset--group--divi-button--divi-attributes--c6j0tohmta preset--module--divi-button--2yafs6y4fi\" href=\"https:\/\/jinarcmonographie.ca\" target=\"_blank\" data-gtm-lang=\"en\">T\u00e9l\u00e9charger <\/a><\/div>\n<\/div>\n<\/div>\n\n<div class=\"et_pb_group_2 et_pb_group et_pb_module et_flex_group et_pb_css_mix_blend_mode_passthrough tool-card\">\n<div class=\"et_pb_group_3 et_pb_group et_pb_module et_flex_group et_pb_css_mix_blend_mode_passthrough\">\n<div class=\"et_pb_image_1 et_pb_image et_pb_module et_flex_module\"><span class=\"et_pb_image_wrap\"><img loading=\"lazy\" decoding=\"async\" src=\"https:\/\/hcp.jinarc.ca\/wp-content\/uploads\/2026\/02\/Tempo.png\" title=\"Tempo\" width=\"540\" height=\"672\" srcset=\"https:\/\/hcp.jinarc.ca\/wp-content\/uploads\/2026\/02\/Tempo.png 540w, https:\/\/hcp.jinarc.ca\/wp-content\/uploads\/2026\/02\/Tempo-480x597.png 480w\" sizes=\"(min-width: 0px) and (max-width: 480px) 480px, (min-width: 481px) 540px, 100vw\" class=\"wp-image-330\" \/><\/span><\/div>\n<\/div>\n\n<div class=\"et_pb_group_4 et_pb_group et-last-child et_pb_module et_flex_group et_pb_css_mix_blend_mode_passthrough\">\n<div class=\"et_pb_text_2 et_pb_text et_pb_bg_layout_light et_pb_module et_flex_module\"><div class=\"et_pb_text_inner\"><h4>\u00c9tude clinique TEMPO 3:4<\/h4>\n<p>Compte rendu de l\u2019essai pivot sur JINARC publi\u00e9 dans le <em>New England Journal of Medicine :<\/em><br \/>Torres VE <em>et al<\/em>. <em>Tolvaptan in Patients with Autosomal Dominant Polycystic Kidney Disease. N Engl J Med<\/em> 2012;367:2407\u20132418.<\/p>\n<\/div><\/div>\n\n<div class=\"et_pb_module et_pb_button_module_wrapper et_pb_button_1_wrapper preset--group--divi-button--divi-attributes--c6j0tohmta_wrapper preset--module--divi-button--2yafs6y4fi_wrapper\"><a class=\"et_pb_button_1 et_pb_button et_pb_bg_layout_light et_pb_module et_flex_module preset--group--divi-button--divi-attributes--c6j0tohmta preset--module--divi-button--2yafs6y4fi\" href=\"https:\/\/www.nejm.org\/doi\/pdf\/10.1056\/NEJMoa1205511?articleTools=true\" data-gtm-asset=\"tempo\">T\u00e9l\u00e9charger <\/a><\/div>\n<\/div>\n<\/div>\n\n<div class=\"et_pb_group_5 et_pb_group et_pb_module et_flex_group et_pb_css_mix_blend_mode_passthrough tool-card\">\n<div class=\"et_pb_group_6 et_pb_group et_pb_module et_flex_group et_pb_css_mix_blend_mode_passthrough\">\n<div class=\"et_pb_image_2 et_pb_image et_pb_module et_flex_module\"><span class=\"et_pb_image_wrap\"><img loading=\"lazy\" decoding=\"async\" src=\"https:\/\/hcp.jinarc.ca\/wp-content\/uploads\/2026\/01\/Group-1046.png\" title=\"Group 1046\" width=\"504\" height=\"672\" srcset=\"https:\/\/hcp.jinarc.ca\/wp-content\/uploads\/2026\/01\/Group-1046.png 504w, https:\/\/hcp.jinarc.ca\/wp-content\/uploads\/2026\/01\/Group-1046-480x640.png 480w\" sizes=\"(min-width: 0px) and (max-width: 480px) 480px, (min-width: 481px) 504px, 100vw\" class=\"wp-image-205\" \/><\/span><\/div>\n<\/div>\n\n<div class=\"et_pb_group_7 et_pb_group et-last-child et_pb_module et_flex_group et_pb_css_mix_blend_mode_passthrough\">\n<div class=\"et_pb_text_3 et_pb_text et_pb_bg_layout_light et_pb_module et_flex_module\"><div class=\"et_pb_text_inner\"><h4>\u00c9tude clinique REPRISE<\/h4>\n<p>Compte rendu d\u2019un essai sur JINARC men\u00e9 aupr\u00e8s de patients atteints de MPRAD au stade avanc\u00e9 publi\u00e9 dans le <em>New England Journal of Medicine <\/em>: Torres VE <em>et al.<\/em> <em>Tolvaptan in Later-Stage Autosomal Dominant Polycystic Kidney Disease. N Engl J Med<\/em> 2017; 377(20):1930-1942.<\/p>\n<\/div><\/div>\n\n<div class=\"et_pb_module et_pb_button_module_wrapper et_pb_button_2_wrapper preset--group--divi-button--divi-attributes--c6j0tohmta_wrapper preset--module--divi-button--2yafs6y4fi_wrapper\"><a class=\"et_pb_button_2 et_pb_button et_pb_bg_layout_light et_pb_module et_flex_module preset--group--divi-button--divi-attributes--c6j0tohmta preset--module--divi-button--2yafs6y4fi\" href=\"https:\/\/www.nejm.org\/doi\/pdf\/10.1056\/NEJMoa1710030?articleTools=true\" target=\"_blank\" data-gtm-asset=\"reprise\">T\u00e9l\u00e9charger <\/a><\/div>\n<\/div>\n<\/div>\n\n<div class=\"et_pb_group_8 et_pb_group et-last-child et_pb_module et_flex_group et_pb_css_mix_blend_mode_passthrough tool-card\">\n<div class=\"et_pb_group_9 et_pb_group et_pb_module et_flex_group et_pb_css_mix_blend_mode_passthrough\">\n<div class=\"et_pb_image_3 et_pb_image et_pb_module et_flex_module\"><span class=\"et_pb_image_wrap\"><img loading=\"lazy\" decoding=\"async\" src=\"https:\/\/hcp.jinarc.ca\/wp-content\/uploads\/2026\/03\/Training-Module.png\" title=\"Training Module\" width=\"168\" height=\"211\" sizes=\"(max-width: 168px) 100vw, 168px\" class=\"wp-image-1135\" \/><\/span><\/div>\n<\/div>\n\n<div class=\"et_pb_group_10 et_pb_group et-last-child et_pb_module et_flex_group et_pb_css_mix_blend_mode_passthrough\">\n<div class=\"et_pb_text_4 et_pb_text et_pb_bg_layout_light et_pb_module et_flex_module\"><div class=\"et_pb_text_inner\"><h4>Module de formation sur JINARC <\/h4>\n<p>Le Module de formation sur JINARC offre aux m\u00e9decins un aper\u00e7u de JINARC, y compris de l\u2019information sur la MPRAD, les r\u00e9sultats d\u2019\u00e9tudes cliniques et les conditions de prescription.<\/p>\n<\/div><\/div>\n\n<div class=\"et_pb_module et_pb_button_module_wrapper et_pb_button_3_wrapper preset--group--divi-button--divi-attributes--c6j0tohmta_wrapper preset--module--divi-button--2yafs6y4fi_wrapper\"><a class=\"et_pb_button_3 et_pb_button et_pb_bg_layout_light et_pb_module et_flex_module preset--group--divi-button--divi-attributes--c6j0tohmta preset--module--divi-button--2yafs6y4fi\" href=\"https:\/\/hcp.jinarc.ca\/documents\/JINARC_Education_Training_Module_EN.pdf\" target=\"_blank\" data-gtm-asset=\"training\">T\u00e9l\u00e9charger <\/a><\/div>\n<\/div>\n<\/div>\n<\/div>\n\n<div class=\"et_pb_column_1 et_pb_column et-last-child et_flex_column et_pb_css_mix_blend_mode_passthrough et_flex_column_12_24 et_flex_column_12_24_tablet et_flex_column_24_24_phone\">\n<div class=\"et_pb_text_5 et_pb_text et_pb_bg_layout_light et_pb_module et_flex_module\"><div class=\"et_pb_text_inner\"><h5>Outils de la Trousse de d\u00e9part<\/h5>\n<\/div><\/div>\n\n<div class=\"et_pb_group_11 et_pb_group et_pb_module et_flex_group et_pb_css_mix_blend_mode_passthrough tool-card\">\n<div class=\"et_pb_image_4 et_pb_image et_pb_module et_flex_module\"><span class=\"et_pb_image_wrap\"><img loading=\"lazy\" decoding=\"async\" src=\"https:\/\/hcp.jinarc.ca\/wp-content\/uploads\/2026\/02\/Group-882-FR.png\" title=\"Group 882 FR\" width=\"429\" height=\"663\" srcset=\"https:\/\/hcp.jinarc.ca\/wp-content\/uploads\/2026\/02\/Group-882-FR.png 429w, https:\/\/hcp.jinarc.ca\/wp-content\/uploads\/2026\/02\/Group-882-FR-194x300.png 194w\" sizes=\"(max-width: 429px) 100vw, 429px\" class=\"wp-image-856\" \/><\/span><\/div>\n\n<div class=\"et_pb_group_12 et_pb_group et-last-child et_pb_module et_flex_group et_pb_css_mix_blend_mode_passthrough\">\n<div class=\"et_pb_text_6 et_pb_text et_pb_bg_layout_light et_pb_module et_flex_module\"><div class=\"et_pb_text_inner\"><h4>Guide du prescripteur<\/h4>\n<p>Le Guide du prescripteur est un document sommaire qui vous aidera \u00e0 discuter de JINARC avec vos patients atteints de MPRAD et \u00e0 leur prescrire ce m\u00e9dicament.<\/p>\n<\/div><\/div>\n\n<div class=\"et_pb_module et_pb_button_module_wrapper et_pb_button_4_wrapper preset--group--divi-button--divi-attributes--c6j0tohmta_wrapper preset--module--divi-button--2yafs6y4fi_wrapper\"><a class=\"et_pb_button_4 et_pb_button et_pb_bg_layout_light et_pb_module et_flex_module preset--group--divi-button--divi-attributes--c6j0tohmta preset--module--divi-button--2yafs6y4fi\" href=\"https:\/\/hcp.jinarc.ca\/documents\/Jinarc_Prescriber_Guide_FR.pdf\" target=\"_blank\" data-gtm-asset=\"prescriber-guide\">T\u00e9l\u00e9charger<\/a><\/div>\n<\/div>\n<\/div>\n\n<div class=\"et_pb_group_13 et_pb_group et_pb_module et_flex_group et_pb_css_mix_blend_mode_passthrough tool-card\">\n<div class=\"et_pb_image_5 et_pb_image et_pb_module et_flex_module\"><span class=\"et_pb_image_wrap\"><img loading=\"lazy\" decoding=\"async\" src=\"https:\/\/hcp.jinarc.ca\/wp-content\/uploads\/2026\/02\/Group-877-FR.png\" title=\"Group 877 FR\" width=\"420\" height=\"649\" srcset=\"https:\/\/hcp.jinarc.ca\/wp-content\/uploads\/2026\/02\/Group-877-FR.png 420w, https:\/\/hcp.jinarc.ca\/wp-content\/uploads\/2026\/02\/Group-877-FR-194x300.png 194w\" sizes=\"(max-width: 420px) 100vw, 420px\" class=\"wp-image-850\" alt=\"Patient Information Booklet\" \/><\/span><\/div>\n\n<div class=\"et_pb_group_14 et_pb_group et-last-child et_pb_module et_flex_group et_pb_css_mix_blend_mode_passthrough\">\n<div class=\"et_pb_text_7 et_pb_text et_pb_bg_layout_light et_pb_module et_flex_module\"><div class=\"et_pb_text_inner\"><h4>Guide \u00e0 l\u2019intention des patients<\/h4>\n<p style=\"font-weight: 400;\">Le guide \u00e0 l\u2019intention des patients aidera les patients \u00e0 comprendre, \u00e0 commencer et \u00e0 poursuivre leur traitement par JINARC.<\/p>\n<\/div><\/div>\n\n<div class=\"et_pb_module et_pb_button_module_wrapper et_pb_button_5_wrapper preset--group--divi-button--divi-attributes--c6j0tohmta_wrapper preset--module--divi-button--2yafs6y4fi_wrapper\"><a class=\"et_pb_button_5 et_pb_button et_pb_bg_layout_light et_pb_module et_flex_module preset--group--divi-button--divi-attributes--c6j0tohmta preset--module--divi-button--2yafs6y4fi\" href=\"https:\/\/hcp.jinarc.ca\/documents\/Jinarc_PIB_FR.pdf\" target=\"_blank\" data-gtm-asset=\"pib\">T\u00e9l\u00e9charger<\/a><\/div>\n<\/div>\n<\/div>\n\n<div class=\"et_pb_group_15 et_pb_group et_pb_module et_flex_group et_pb_css_mix_blend_mode_passthrough tool-card\">\n<div class=\"et_pb_image_6 et_pb_image et_pb_module et_flex_module\"><span class=\"et_pb_image_wrap\"><img loading=\"lazy\" decoding=\"async\" src=\"https:\/\/hcp.jinarc.ca\/wp-content\/uploads\/2026\/02\/Group-877.1-FR.png\" title=\"Group 877.1 FR\" width=\"420\" height=\"649\" srcset=\"https:\/\/hcp.jinarc.ca\/wp-content\/uploads\/2026\/02\/Group-877.1-FR.png 420w, https:\/\/hcp.jinarc.ca\/wp-content\/uploads\/2026\/02\/Group-877.1-FR-194x300.png 194w\" sizes=\"(max-width: 420px) 100vw, 420px\" class=\"wp-image-851\" alt=\"Patient Brochure\" \/><\/span><\/div>\n\n<div class=\"et_pb_group_16 et_pb_group et-last-child et_pb_module et_flex_group et_pb_css_mix_blend_mode_passthrough\">\n<div class=\"et_pb_text_8 et_pb_text et_pb_bg_layout_light et_pb_module et_flex_module\"><div class=\"et_pb_text_inner\"><h4>Brochure ORIJIN<sup>MD<\/sup> \u00e0 l\u2019intention des patients<\/h4>\n<p>Une brochure contenant des renseignements sur le Programme de soutien aux patients ORIJIN et des conseils sur le mode de vie pour vos patients.<\/p>\n<\/div><\/div>\n\n<div class=\"et_pb_module et_pb_button_module_wrapper et_pb_button_6_wrapper preset--group--divi-button--divi-attributes--c6j0tohmta_wrapper preset--module--divi-button--2yafs6y4fi_wrapper\"><a class=\"et_pb_button_6 et_pb_button et_pb_bg_layout_light et_pb_module et_flex_module preset--group--divi-button--divi-attributes--c6j0tohmta preset--module--divi-button--2yafs6y4fi\" href=\"https:\/\/hcp.jinarc.ca\/documents\/Orijin_Patient_brochure_FRE.pdf\" target=\"_blank\" data-gtm-asset=\"patient-brochure\">T\u00e9l\u00e9charger<\/a><\/div>\n<\/div>\n<\/div>\n\n<div class=\"et_pb_group_17 et_pb_group et_pb_module et_flex_group et_pb_css_mix_blend_mode_passthrough tool-card\">\n<div class=\"et_pb_image_7 et_pb_image et_pb_module et_flex_module\"><span class=\"et_pb_image_wrap\"><img loading=\"lazy\" decoding=\"async\" src=\"https:\/\/hcp.jinarc.ca\/wp-content\/uploads\/2026\/02\/Group-878-FR.png\" title=\"Group 878 FR\" width=\"504\" height=\"653\" srcset=\"https:\/\/hcp.jinarc.ca\/wp-content\/uploads\/2026\/02\/Group-878-FR.png 504w, https:\/\/hcp.jinarc.ca\/wp-content\/uploads\/2026\/02\/Group-878-FR-480x622.png 480w\" sizes=\"(min-width: 0px) and (max-width: 480px) 480px, (min-width: 481px) 504px, 100vw\" class=\"wp-image-852\" alt=\"Patient-Prescriber Agreement Form (PPAF)\" \/><\/span><\/div>\n\n<div class=\"et_pb_group_18 et_pb_group et-last-child et_pb_module et_flex_group et_pb_css_mix_blend_mode_passthrough\">\n<div class=\"et_pb_text_9 et_pb_text et_pb_bg_layout_light et_pb_module et_flex_module\"><div class=\"et_pb_text_inner\"><h4>Formulaire d\u2019entente entre le patient et le prescripteur (FEPP)<br \/>\n<\/h4>\n<p>Le formulaire d\u2019entente entre le patient et le prescripteur (FEPP) est un formulaire dont il faut discuter avec le patient et qu\u2019il faut lui faire signer avant d\u2019instaurer le traitement par JINARC.<\/p>\n<\/div><\/div>\n\n<div class=\"et_pb_module et_pb_button_module_wrapper et_pb_button_7_wrapper preset--group--divi-button--divi-attributes--c6j0tohmta_wrapper preset--module--divi-button--2yafs6y4fi_wrapper\"><a class=\"et_pb_button_7 et_pb_button et_pb_bg_layout_light et_pb_module et_flex_module preset--group--divi-button--divi-attributes--c6j0tohmta preset--module--divi-button--2yafs6y4fi\" href=\"https:\/\/hcp.jinarc.ca\/documents\/FEPP_ORIJIN_Digital.pdf\" target=\"_blank\" data-gtm-asset=\"ppaf\">T\u00e9l\u00e9charger<\/a><\/div>\n<\/div>\n<\/div>\n\n<div class=\"et_pb_group_19 et_pb_group et_pb_module et_flex_group et_pb_css_mix_blend_mode_passthrough tool-card\">\n<div class=\"et_pb_image_8 et_pb_image et_pb_module et_flex_module\"><span class=\"et_pb_image_wrap\"><img loading=\"lazy\" decoding=\"async\" src=\"https:\/\/hcp.jinarc.ca\/wp-content\/uploads\/2026\/02\/Group-880-FR.png\" title=\"Group 880 FR\" width=\"504\" height=\"627\" srcset=\"https:\/\/hcp.jinarc.ca\/wp-content\/uploads\/2026\/02\/Group-880-FR.png 504w, https:\/\/hcp.jinarc.ca\/wp-content\/uploads\/2026\/02\/Group-880-FR-480x597.png 480w\" sizes=\"(min-width: 0px) and (max-width: 480px) 480px, (min-width: 481px) 504px, 100vw\" class=\"wp-image-854\" alt=\"Nurse Checklist\" \/><\/span><\/div>\n\n<div class=\"et_pb_group_20 et_pb_group et-last-child et_pb_module et_flex_group et_pb_css_mix_blend_mode_passthrough\">\n<div class=\"et_pb_text_10 et_pb_text et_pb_bg_layout_light et_pb_module et_flex_module\"><div class=\"et_pb_text_inner\"><h4>Liste de v\u00e9rification de l\u2019infirmier(\u00e8re) <\/h4>\n<p>La liste de v\u00e9rification de l\u2019infirmier(\u00e8re) est un outil de consultation rapide destin\u00e9 \u00e0 faciliter l\u2019instauration du traitement par JINARC. Servez-vous de cette liste de v\u00e9rification pour vous assurer que vos patients r\u00e9pondent \u00e0 toutes les conditions de prescription et qu\u2019ils ont \u00e9t\u00e9 mis au courant de leur traitement avant son instauration.<\/p>\n<\/div><\/div>\n\n<div class=\"et_pb_module et_pb_button_module_wrapper et_pb_button_8_wrapper preset--group--divi-button--divi-attributes--c6j0tohmta_wrapper preset--module--divi-button--2yafs6y4fi_wrapper\"><a class=\"et_pb_button_8 et_pb_button et_pb_bg_layout_light et_pb_module et_flex_module preset--group--divi-button--divi-attributes--c6j0tohmta preset--module--divi-button--2yafs6y4fi\" href=\"https:\/\/hcp.jinarc.ca\/documents\/Jinarc_HSMD_Nurse%20Checklist_FR.pdf\" target=\"_blank\" data-gtm-asset=\"checklist\">T\u00e9l\u00e9charger<\/a><\/div>\n<\/div>\n<\/div>\n\n<div class=\"et_pb_group_21 et_pb_group et_pb_module et_flex_group et_pb_css_mix_blend_mode_passthrough tool-card\">\n<div class=\"et_pb_image_9 et_pb_image et_pb_module et_flex_module\"><span class=\"et_pb_image_wrap\"><img loading=\"lazy\" decoding=\"async\" src=\"https:\/\/hcp.jinarc.ca\/wp-content\/uploads\/2026\/03\/Group-879-FR.png\" title=\"Group 879 FR\" width=\"504\" height=\"652\" srcset=\"https:\/\/hcp.jinarc.ca\/wp-content\/uploads\/2026\/03\/Group-879-FR.png 504w, https:\/\/hcp.jinarc.ca\/wp-content\/uploads\/2026\/03\/Group-879-FR-480x621.png 480w\" sizes=\"(min-width: 0px) and (max-width: 480px) 480px, (min-width: 481px) 504px, 100vw\" class=\"wp-image-1137\" \/><\/span><\/div>\n\n<div class=\"et_pb_group_22 et_pb_group et-last-child et_pb_module et_flex_group et_pb_css_mix_blend_mode_passthrough\">\n<div class=\"et_pb_text_11 et_pb_text et_pb_bg_layout_light et_pb_module et_flex_module\"><div class=\"et_pb_text_inner\"><h4>Fiche descriptive<\/h4>\n<p>La fiche descriptive est un outil de consultation rapide pr\u00e9sentant les principales caract\u00e9ristiques de JINARC, notamment son mode d&rsquo;action, sa posologie, et l&rsquo;ajustement de la dose.<\/p>\n<\/div><\/div>\n\n<div class=\"et_pb_module et_pb_button_module_wrapper et_pb_button_9_wrapper preset--group--divi-button--divi-attributes--c6j0tohmta_wrapper preset--module--divi-button--2yafs6y4fi_wrapper\"><a class=\"et_pb_button_9 et_pb_button et_pb_bg_layout_light et_pb_module et_flex_module preset--group--divi-button--divi-attributes--c6j0tohmta preset--module--divi-button--2yafs6y4fi\" href=\"https:\/\/hcp.jinarc.ca\/documents\/Jinarc_Fact_Sheet_FRE.pdf\" target=\"_blank\" data-gtm-asset=\"fact-sheet\">T\u00e9l\u00e9charger <\/a><\/div>\n<\/div>\n<\/div>\n\n<div class=\"et_pb_group_23 et_pb_group et-last-child et_pb_module et_flex_group et_pb_css_mix_blend_mode_passthrough tool-card\">\n<div class=\"et_pb_image_10 et_pb_image et_pb_module et_flex_module\"><span class=\"et_pb_image_wrap\"><img loading=\"lazy\" decoding=\"async\" src=\"https:\/\/hcp.jinarc.ca\/wp-content\/uploads\/2026\/03\/Group-881-FR.png\" title=\"Group 881 FR\" width=\"504\" height=\"672\" srcset=\"https:\/\/hcp.jinarc.ca\/wp-content\/uploads\/2026\/03\/Group-881-FR.png 504w, https:\/\/hcp.jinarc.ca\/wp-content\/uploads\/2026\/03\/Group-881-FR-480x640.png 480w\" sizes=\"(min-width: 0px) and (max-width: 480px) 480px, (min-width: 481px) 504px, 100vw\" class=\"wp-image-1141\" \/><\/span><\/div>\n\n<div class=\"et_pb_group_24 et_pb_group et-last-child et_pb_module et_flex_group et_pb_css_mix_blend_mode_passthrough\">\n<div class=\"et_pb_text_12 et_pb_text et_pb_bg_layout_light et_pb_module et_flex_module\"><div class=\"et_pb_text_inner\"><h4>Formulaire de t\u00e9l\u00e9copie des r\u00e9sultats au Programme DSIH <\/h4>\n<p>Le formulaire de t\u00e9l\u00e9copie des r\u00e9sultats au Programme DSIH vous permet de partager les plus r\u00e9cents r\u00e9sultats de vos patients aux \u00e9preuves d\u2019\u00e9valuation de la fonction h\u00e9patique avec le Programme DSIH.<\/p>\n<\/div><\/div>\n\n<div class=\"et_pb_module et_pb_button_module_wrapper et_pb_button_10_wrapper preset--group--divi-button--divi-attributes--c6j0tohmta_wrapper preset--module--divi-button--2yafs6y4fi_wrapper\"><a class=\"et_pb_button_10 et_pb_button et_pb_bg_layout_light et_pb_module et_flex_module preset--group--divi-button--divi-attributes--c6j0tohmta preset--module--divi-button--2yafs6y4fi\" href=\"https:\/\/hcp.jinarc.ca\/documents\/Jinarc_example_fax_form_FR.pdf\" target=\"_blank\" data-gtm-asset=\"fax-back\">T\u00e9l\u00e9charger <\/a><\/div>\n<\/div>\n<\/div>\n<\/div>\n<\/div>\n\n<div class=\"et_pb_row_1 et_pb_row et_flex_row\">\n<div class=\"et_pb_column_2 et_pb_column et-last-child et_flex_column et_pb_css_mix_blend_mode_passthrough et_flex_column_24_24 et_flex_column_24_24_tablet et_flex_column_24_24_phone\">\n<div class=\"et_pb_code_0 et_pb_code et_pb_module\"><div class=\"et_pb_code_inner\"><a href=\"#safety\" style=\"display:none;\">Safety<\/a><\/div><\/div>\n<\/div>\n<\/div>\n<\/div>","protected":false},"excerpt":{"rendered":"","protected":false},"author":1,"featured_media":0,"parent":0,"menu_order":0,"comment_status":"closed","ping_status":"closed","template":"","meta":{"footnotes":""},"class_list":["post-866","page","type-page","status-publish","hentry"],"_links":{"self":[{"href":"https:\/\/hcp.jinarc.ca\/fr\/wp-json\/wp\/v2\/pages\/866","targetHints":{"allow":["GET"]}}],"collection":[{"href":"https:\/\/hcp.jinarc.ca\/fr\/wp-json\/wp\/v2\/pages"}],"about":[{"href":"https:\/\/hcp.jinarc.ca\/fr\/wp-json\/wp\/v2\/types\/page"}],"author":[{"embeddable":true,"href":"https:\/\/hcp.jinarc.ca\/fr\/wp-json\/wp\/v2\/users\/1"}],"replies":[{"embeddable":true,"href":"https:\/\/hcp.jinarc.ca\/fr\/wp-json\/wp\/v2\/comments?post=866"}],"version-history":[{"count":34,"href":"https:\/\/hcp.jinarc.ca\/fr\/wp-json\/wp\/v2\/pages\/866\/revisions"}],"predecessor-version":[{"id":1406,"href":"https:\/\/hcp.jinarc.ca\/fr\/wp-json\/wp\/v2\/pages\/866\/revisions\/1406"}],"wp:attachment":[{"href":"https:\/\/hcp.jinarc.ca\/fr\/wp-json\/wp\/v2\/media?parent=866"}],"curies":[{"name":"wp","href":"https:\/\/api.w.org\/{rel}","templated":true}]}}